{"id":2,"date":"2025-03-08T09:30:28","date_gmt":"2025-03-08T09:30:28","guid":{"rendered":"https:\/\/adonat.com.tr\/?page_id=2"},"modified":"2026-03-04T09:33:32","modified_gmt":"2026-03-04T06:33:32","slug":"cok-yakinda-yayindayiz","status":"publish","type":"page","link":"https:\/\/adonat.com.tr\/","title":{"rendered":"\u00c7ok Yak\u0131nda Yay\u0131nday\u0131z&#8230;"},"content":{"rendered":"<p><!DOCTYPE html><br \/>\n<html lang=\"tr\"><br \/>\n<head><br \/>\n    <meta charset=\"UTF-8\"><br \/>\n    <meta name=\"viewport\" content=\"width=device-width, initial-scale=1.0\"><\/p>\n<style>\n        * {\n            margin: 0;\n            padding: 0;\n            box-sizing: border-box;\n        }\n        body {\n            display: flex;\n            justify-content: center;\n            align-items: center;\n            height: 100vh;\n            background-color: #f4f4f4;\n            font-family: Arial, sans-serif;\n        }\n        .container {\n            display: flex;\n            width: 1824px;\n            height: 400px;\n            background: #fff;\n            box-shadow: 0 4px 10px rgba(0, 0, 0, 0.1);\n            border-radius: 10px;\n            overflow: hidden;\n        }\n        .logo {\n            width: 50%;\n            display: flex;\n            justify-content: center;\n            align-items: center;\n            background: #fbfafa;\n        }\n        .logo img {\n            max-width: 80%;\n            max-height: 80%;\n        }\n        .contact {\n            width: 50%;\n            padding: 40px;\n            display: flex;\n            flex-direction: column;\n            justify-content: center;\n        }\n        .contact h2 {\n            margin-bottom: 15px;\n            color: #333;\n        }\n        .contact p {\n            font-size: 16px;\n            color: #666;\n            margin-bottom: 8px;\n        }\nfooter.wp-block-template-part {\n    display: none;\n}\np {\n    display: none;\n}\np1 {\n    font-size: 18px;\nmargin-bottom: 10px;\n}\ndiv#modal-1 {\n    display: none;\n}\nmain#wp--skip-link--target {\n    margin-top: -100px !important;\n}\nh1.wp-block-post-title {\n    font-size: 24px;\n}<\/p>\n<\/style>\n<p><\/head><br \/>\n<body><\/p>\n<div class=\"container\">\n<div class=\"logo\">\n            <img decoding=\"async\" src=\"https:\/\/lamerdanismanlik.com\/wp-content\/uploads\/2025\/03\/logo.jpeg\" alt=\"Adonat Teknoloji D\u0131\u015f Ticaret Ltd. \u015eti.\">\n        <\/div>\n<div class=\"contact\">\n<h2>Adonat Teknoloji D\u0131\u015f Ticaret Ltd. \u015eti.<\/h2>\n<p1><\/p1> <p1><\/p1>\n<p1>E-posta: info@adonat.com.tr<\/p1>\n        <\/div>\n<\/p><\/div>\n<p><\/body><br \/>\n<\/html><\/p>\n","protected":false},"excerpt":{"rendered":"<p>Adonat Teknoloji D\u0131\u015f Ticaret Ltd. \u015eti. E-posta: info@adonat.com.tr<\/p>\n","protected":false},"author":1,"featured_media":0,"parent":0,"menu_order":0,"comment_status":"closed","ping_status":"closed","template":"","meta":{"footnotes":""},"class_list":["post-2","page","type-page","status-publish","hentry"],"_links":{"self":[{"href":"https:\/\/adonat.com.tr\/index.php?rest_route=\/wp\/v2\/pages\/2","targetHints":{"allow":["GET"]}}],"collection":[{"href":"https:\/\/adonat.com.tr\/index.php?rest_route=\/wp\/v2\/pages"}],"about":[{"href":"https:\/\/adonat.com.tr\/index.php?rest_route=\/wp\/v2\/types\/page"}],"author":[{"embeddable":true,"href":"https:\/\/adonat.com.tr\/index.php?rest_route=\/wp\/v2\/users\/1"}],"replies":[{"embeddable":true,"href":"https:\/\/adonat.com.tr\/index.php?rest_route=%2Fwp%2Fv2%2Fcomments&post=2"}],"version-history":[{"count":23,"href":"https:\/\/adonat.com.tr\/index.php?rest_route=\/wp\/v2\/pages\/2\/revisions"}],"predecessor-version":[{"id":30,"href":"https:\/\/adonat.com.tr\/index.php?rest_route=\/wp\/v2\/pages\/2\/revisions\/30"}],"wp:attachment":[{"href":"https:\/\/adonat.com.tr\/index.php?rest_route=%2Fwp%2Fv2%2Fmedia&parent=2"}],"curies":[{"name":"wp","href":"https:\/\/api.w.org\/{rel}","templated":true}]}}